{"id":50,"date":"2010-04-14T14:47:14","date_gmt":"2010-04-14T18:47:14","guid":{"rendered":"http:\/\/dudarcsalad.com\/blog\/Zoli\/?page_id=50"},"modified":"2010-04-14T15:58:31","modified_gmt":"2010-04-14T19:58:31","slug":"betevo-falatok","status":"publish","type":"page","link":"http:\/\/dudarcsalad.com\/blog\/Zoli\/?page_id=50","title":{"rendered":"Betev\u0151 falatok"},"content":{"rendered":"<p style=\"text-align: justify;\">Ide lesznek bebiggyesztve azok az \u00e9telek, amiket \u00e9n f\u0151ztem, \u00e9s siker\u00fclt is lef\u00e9nyk\u00e9pezni az \u00e9tel elfogyaszt\u00f3d\u00e1sa el\u0151tt. Az elfogyaszt\u00f3d\u00e1s probl\u00e9m\u00e1ja miatt nem biztos, hogy rengeteg k\u00e9p lesz itt megtal\u00e1lhat\u00f3, de majd igyekszem. Azt hiszem, szeretek f\u0151zni \u00e9s megenni is szeretem az \u00e1ltalam k\u00e9sz\u00edtett \u00e9teleket, amikor ehet\u0151re siker\u00fcl. Az ehet\u0151s\u00e9gi r\u00e1ta igen magas, \u00fagy 99.6 % lehet, ami nem olyan rossz. ( Vagy az is lehet, hogy mivel itt alig l\u00e1tok magyar kaj\u00e1t, csak akkor, ha f\u0151z\u00f6k, igy azt\u00e1n b\u00e1rmi, ami kicsit hasonlit az otthoni \u00edzekre, az m\u00e1r j\u00f3, hmm, ki tudja&#8230;)<\/p>\n<p style=\"text-align: justify;\">\n<div id=\"attachment_55\" style=\"width: 624px\" class=\"wp-caption aligncenter\"><a href=\"http:\/\/dudarcsalad.com\/blog\/Zoli\/wp-content\/uploads\/2010\/04\/IMG_5333_1024x7681.jpg\"><img loading=\"lazy\" decoding=\"async\" aria-describedby=\"caption-attachment-55\" class=\"size-full wp-image-55\" title=\"IMG_5333_1024x768\" src=\"http:\/\/dudarcsalad.com\/blog\/Zoli\/wp-content\/uploads\/2010\/04\/IMG_5333_1024x7681.jpg\" alt=\"\" width=\"614\" height=\"461\" srcset=\"http:\/\/dudarcsalad.com\/blog\/Zoli\/wp-content\/uploads\/2010\/04\/IMG_5333_1024x7681.jpg 1024w, http:\/\/dudarcsalad.com\/blog\/Zoli\/wp-content\/uploads\/2010\/04\/IMG_5333_1024x7681-300x225.jpg 300w\" sizes=\"(max-width: 614px) 100vw, 614px\" \/><\/a><p id=\"caption-attachment-55\" class=\"wp-caption-text\">Petrezselymes burgonya, a mostani nagy favorit.<\/p><\/div>\n<p style=\"text-align: justify;\">\n<p style=\"text-align: justify;\">\n<div id=\"attachment_56\" style=\"width: 624px\" class=\"wp-caption aligncenter\"><a href=\"http:\/\/dudarcsalad.com\/blog\/Zoli\/wp-content\/uploads\/2010\/04\/IMG_5340_1024x768.jpg\"><img loading=\"lazy\" decoding=\"async\" aria-describedby=\"caption-attachment-56\" class=\"size-full wp-image-56\" title=\"IMG_5340_1024x768\" src=\"http:\/\/dudarcsalad.com\/blog\/Zoli\/wp-content\/uploads\/2010\/04\/IMG_5340_1024x768.jpg\" alt=\"\" width=\"614\" height=\"461\" srcset=\"http:\/\/dudarcsalad.com\/blog\/Zoli\/wp-content\/uploads\/2010\/04\/IMG_5340_1024x768.jpg 1024w, http:\/\/dudarcsalad.com\/blog\/Zoli\/wp-content\/uploads\/2010\/04\/IMG_5340_1024x768-300x225.jpg 300w\" sizes=\"(max-width: 614px) 100vw, 614px\" \/><\/a><p id=\"caption-attachment-56\" class=\"wp-caption-text\">F\u0151z\u00e9s k\u00f6zben... husileves.<\/p><\/div>\n<p style=\"text-align: justify;\">\n<div id=\"attachment_57\" style=\"width: 624px\" class=\"wp-caption aligncenter\"><a href=\"http:\/\/dudarcsalad.com\/blog\/Zoli\/wp-content\/uploads\/2010\/04\/IMG_5345_1024x768.jpg\"><img loading=\"lazy\" decoding=\"async\" aria-describedby=\"caption-attachment-57\" class=\"size-full wp-image-57\" title=\"IMG_5345_1024x768\" src=\"http:\/\/dudarcsalad.com\/blog\/Zoli\/wp-content\/uploads\/2010\/04\/IMG_5345_1024x768.jpg\" alt=\"\" width=\"614\" height=\"461\" srcset=\"http:\/\/dudarcsalad.com\/blog\/Zoli\/wp-content\/uploads\/2010\/04\/IMG_5345_1024x768.jpg 1024w, http:\/\/dudarcsalad.com\/blog\/Zoli\/wp-content\/uploads\/2010\/04\/IMG_5345_1024x768-300x225.jpg 300w\" sizes=\"(max-width: 614px) 100vw, 614px\" \/><\/a><p id=\"caption-attachment-57\" class=\"wp-caption-text\">Husileves t\u00e1lalva.<\/p><\/div>\n<p style=\"text-align: justify;\">\n<div id=\"attachment_58\" style=\"width: 624px\" class=\"wp-caption aligncenter\"><a href=\"http:\/\/dudarcsalad.com\/blog\/Zoli\/wp-content\/uploads\/2010\/04\/IMG_5392_1024x768.jpg\"><img loading=\"lazy\" decoding=\"async\" aria-describedby=\"caption-attachment-58\" class=\"size-full wp-image-58\" title=\"IMG_5392_1024x768\" src=\"http:\/\/dudarcsalad.com\/blog\/Zoli\/wp-content\/uploads\/2010\/04\/IMG_5392_1024x768.jpg\" alt=\"\" width=\"614\" height=\"461\" srcset=\"http:\/\/dudarcsalad.com\/blog\/Zoli\/wp-content\/uploads\/2010\/04\/IMG_5392_1024x768.jpg 1024w, http:\/\/dudarcsalad.com\/blog\/Zoli\/wp-content\/uploads\/2010\/04\/IMG_5392_1024x768-300x225.jpg 300w\" sizes=\"(max-width: 614px) 100vw, 614px\" \/><\/a><p id=\"caption-attachment-58\" class=\"wp-caption-text\">H\u00fasv\u00e9ti csend\u00e9let. \ud83d\ude42<\/p><\/div>\n<div id=\"attachment_60\" style=\"width: 624px\" class=\"wp-caption aligncenter\"><a href=\"http:\/\/dudarcsalad.com\/blog\/Zoli\/wp-content\/uploads\/2010\/04\/IMG_6044_1024x683.jpg\"><img loading=\"lazy\" decoding=\"async\" aria-describedby=\"caption-attachment-60\" class=\"size-full wp-image-60\" title=\"IMG_6044_1024x683\" src=\"http:\/\/dudarcsalad.com\/blog\/Zoli\/wp-content\/uploads\/2010\/04\/IMG_6044_1024x683.jpg\" alt=\"\" width=\"614\" height=\"410\" srcset=\"http:\/\/dudarcsalad.com\/blog\/Zoli\/wp-content\/uploads\/2010\/04\/IMG_6044_1024x683.jpg 1024w, http:\/\/dudarcsalad.com\/blog\/Zoli\/wp-content\/uploads\/2010\/04\/IMG_6044_1024x683-300x200.jpg 300w\" sizes=\"(max-width: 614px) 100vw, 614px\" \/><\/a><p id=\"caption-attachment-60\" class=\"wp-caption-text\">Az elk\u00e9sz\u00fclt k\u00e1pi. <\/p><\/div>\n<div id=\"attachment_59\" style=\"width: 522px\" class=\"wp-caption aligncenter\"><a href=\"http:\/\/dudarcsalad.com\/blog\/Zoli\/wp-content\/uploads\/2010\/04\/IMG_5273.jpg\"><img loading=\"lazy\" decoding=\"async\" aria-describedby=\"caption-attachment-59\" class=\"size-full wp-image-59 \" title=\"IMG_5273\" src=\"http:\/\/dudarcsalad.com\/blog\/Zoli\/wp-content\/uploads\/2010\/04\/IMG_5273.jpg\" alt=\"\" width=\"512\" height=\"768\" srcset=\"http:\/\/dudarcsalad.com\/blog\/Zoli\/wp-content\/uploads\/2010\/04\/IMG_5273.jpg 512w, http:\/\/dudarcsalad.com\/blog\/Zoli\/wp-content\/uploads\/2010\/04\/IMG_5273-200x300.jpg 200w\" sizes=\"(max-width: 512px) 100vw, 512px\" \/><\/a><p id=\"caption-attachment-59\" class=\"wp-caption-text\">A h\u00e1zi k\u00e9sz\u00edt\u00e9s\u0171 kov\u00e1szolt savany\u00fa k\u00e1poszta. (Isteni lett!)<\/p><\/div>\n<p style=\"text-align: center;\">\n<p style=\"text-align: center;\">\n<div id=\"attachment_61\" style=\"width: 624px\" class=\"wp-caption aligncenter\"><a href=\"http:\/\/dudarcsalad.com\/blog\/Zoli\/wp-content\/uploads\/2010\/04\/IMG_5915_1024x683.jpg\"><img loading=\"lazy\" decoding=\"async\" aria-describedby=\"caption-attachment-61\" class=\"size-full wp-image-61\" title=\"IMG_5915_1024x683\" src=\"http:\/\/dudarcsalad.com\/blog\/Zoli\/wp-content\/uploads\/2010\/04\/IMG_5915_1024x683.jpg\" alt=\"\" width=\"614\" height=\"410\" srcset=\"http:\/\/dudarcsalad.com\/blog\/Zoli\/wp-content\/uploads\/2010\/04\/IMG_5915_1024x683.jpg 1024w, http:\/\/dudarcsalad.com\/blog\/Zoli\/wp-content\/uploads\/2010\/04\/IMG_5915_1024x683-300x200.jpg 300w\" sizes=\"(max-width: 614px) 100vw, 614px\" \/><\/a><p id=\"caption-attachment-61\" class=\"wp-caption-text\">Soml\u00f3i galuska<\/p><\/div>\n<div id=\"attachment_62\" style=\"width: 624px\" class=\"wp-caption aligncenter\"><a href=\"http:\/\/dudarcsalad.com\/blog\/Zoli\/wp-content\/uploads\/2010\/04\/IMG_6552_1024x683.jpg\"><img loading=\"lazy\" decoding=\"async\" aria-describedby=\"caption-attachment-62\" class=\"size-full wp-image-62\" title=\"IMG_6552_1024x683\" src=\"http:\/\/dudarcsalad.com\/blog\/Zoli\/wp-content\/uploads\/2010\/04\/IMG_6552_1024x683.jpg\" alt=\"\" width=\"614\" height=\"410\" srcset=\"http:\/\/dudarcsalad.com\/blog\/Zoli\/wp-content\/uploads\/2010\/04\/IMG_6552_1024x683.jpg 1024w, http:\/\/dudarcsalad.com\/blog\/Zoli\/wp-content\/uploads\/2010\/04\/IMG_6552_1024x683-300x200.jpg 300w\" sizes=\"(max-width: 614px) 100vw, 614px\" \/><\/a><p id=\"caption-attachment-62\" class=\"wp-caption-text\">Sz\u00fclinapi szendvicseim, igazi Pick t\u00e9liszal\u00e1mival. (Itt Atlant\u00e1ban ez megdobogtatja az ember sz\u00edv\u00e9t)<\/p><\/div>\n<div id=\"attachment_63\" style=\"width: 624px\" class=\"wp-caption aligncenter\"><a href=\"http:\/\/dudarcsalad.com\/blog\/Zoli\/wp-content\/uploads\/2010\/04\/IMG_7200_1024x768.jpg\"><img loading=\"lazy\" decoding=\"async\" aria-describedby=\"caption-attachment-63\" class=\"size-full wp-image-63\" title=\"IMG_7200_1024x768\" src=\"http:\/\/dudarcsalad.com\/blog\/Zoli\/wp-content\/uploads\/2010\/04\/IMG_7200_1024x768.jpg\" alt=\"\" width=\"614\" height=\"461\" srcset=\"http:\/\/dudarcsalad.com\/blog\/Zoli\/wp-content\/uploads\/2010\/04\/IMG_7200_1024x768.jpg 1024w, http:\/\/dudarcsalad.com\/blog\/Zoli\/wp-content\/uploads\/2010\/04\/IMG_7200_1024x768-300x225.jpg 300w\" sizes=\"(max-width: 614px) 100vw, 614px\" \/><\/a><p id=\"caption-attachment-63\" class=\"wp-caption-text\">Az utols\u00f3 husilevesem Magyarorsz\u00e1gr\u00f3l. (egy f\u00e9nyk\u00e9pet meg\u00e9rt)<\/p><\/div>\n<p style=\"text-align: justify;\">\n","protected":false},"excerpt":{"rendered":"<p>Ide lesznek bebiggyesztve azok az \u00e9telek, amiket \u00e9n f\u0151ztem, \u00e9s siker\u00fclt is lef\u00e9nyk\u00e9pezni az \u00e9tel elfogyaszt\u00f3d\u00e1sa el\u0151tt. Az elfogyaszt\u00f3d\u00e1s probl\u00e9m\u00e1ja miatt nem biztos, hogy rengeteg k\u00e9p lesz itt megtal\u00e1lhat\u00f3, de majd igyekszem. Azt hiszem, szeretek f\u0151zni \u00e9s megenni is szeretem az \u00e1ltalam k\u00e9sz\u00edtett \u00e9teleket, amikor ehet\u0151re siker\u00fcl. Az ehet\u0151s\u00e9gi r\u00e1ta igen magas, \u00fagy 99.6 % [&hellip;]<\/p>\n","protected":false},"author":2,"featured_media":0,"parent":0,"menu_order":0,"comment_status":"closed","ping_status":"closed","template":"","meta":{"footnotes":""},"_links":{"self":[{"href":"http:\/\/dudarcsalad.com\/blog\/Zoli\/index.php?rest_route=\/wp\/v2\/pages\/50"}],"collection":[{"href":"http:\/\/dudarcsalad.com\/blog\/Zoli\/index.php?rest_route=\/wp\/v2\/pages"}],"about":[{"href":"http:\/\/dudarcsalad.com\/blog\/Zoli\/index.php?rest_route=\/wp\/v2\/types\/page"}],"author":[{"embeddable":true,"href":"http:\/\/dudarcsalad.com\/blog\/Zoli\/index.php?rest_route=\/wp\/v2\/users\/2"}],"replies":[{"embeddable":true,"href":"http:\/\/dudarcsalad.com\/blog\/Zoli\/index.php?rest_route=%2Fwp%2Fv2%2Fcomments&post=50"}],"version-history":[{"count":6,"href":"http:\/\/dudarcsalad.com\/blog\/Zoli\/index.php?rest_route=\/wp\/v2\/pages\/50\/revisions"}],"predecessor-version":[{"id":66,"href":"http:\/\/dudarcsalad.com\/blog\/Zoli\/index.php?rest_route=\/wp\/v2\/pages\/50\/revisions\/66"}],"wp:attachment":[{"href":"http:\/\/dudarcsalad.com\/blog\/Zoli\/index.php?rest_route=%2Fwp%2Fv2%2Fmedia&parent=50"}],"curies":[{"name":"wp","href":"https:\/\/api.w.org\/{rel}","templated":true}]}}