{"id":67,"date":"2010-04-14T16:08:53","date_gmt":"2010-04-14T20:08:53","guid":{"rendered":"http:\/\/dudarcsalad.com\/blog\/Zoli\/?page_id=67"},"modified":"2010-04-14T16:27:51","modified_gmt":"2010-04-14T20:27:51","slug":"eskuvoi-kepek","status":"publish","type":"page","link":"http:\/\/dudarcsalad.com\/blog\/Zoli\/?page_id=67","title":{"rendered":"Esk\u00fcv\u0151i k\u00e9pek"},"content":{"rendered":"<p style=\"text-align: center;\"><a href=\"http:\/\/dudarcsalad.com\/blog\/Zoli\/wp-content\/uploads\/2010\/04\/IMG_0414rc_512x768.jpg\"><img loading=\"lazy\" decoding=\"async\" class=\"size-full wp-image-68   aligncenter\" title=\"IMG_0414rc_512x768\" src=\"http:\/\/dudarcsalad.com\/blog\/Zoli\/wp-content\/uploads\/2010\/04\/IMG_0414rc_512x768.jpg\" alt=\"\" width=\"512\" height=\"768\" srcset=\"http:\/\/dudarcsalad.com\/blog\/Zoli\/wp-content\/uploads\/2010\/04\/IMG_0414rc_512x768.jpg 512w, http:\/\/dudarcsalad.com\/blog\/Zoli\/wp-content\/uploads\/2010\/04\/IMG_0414rc_512x768-200x300.jpg 200w\" sizes=\"(max-width: 512px) 100vw, 512px\" \/><\/a><\/p>\n<p style=\"text-align: center;\">\n<p style=\"text-align: center;\"><a href=\"http:\/\/dudarcsalad.com\/blog\/Zoli\/wp-content\/uploads\/2010\/04\/IMG_0566b_512x768.jpg\"><img loading=\"lazy\" decoding=\"async\" class=\"alignnone size-full wp-image-69\" title=\"IMG_0566b_512x768\" src=\"http:\/\/dudarcsalad.com\/blog\/Zoli\/wp-content\/uploads\/2010\/04\/IMG_0566b_512x768.jpg\" alt=\"\" width=\"512\" height=\"768\" srcset=\"http:\/\/dudarcsalad.com\/blog\/Zoli\/wp-content\/uploads\/2010\/04\/IMG_0566b_512x768.jpg 512w, http:\/\/dudarcsalad.com\/blog\/Zoli\/wp-content\/uploads\/2010\/04\/IMG_0566b_512x768-200x300.jpg 200w\" sizes=\"(max-width: 512px) 100vw, 512px\" \/><\/a><\/p>\n<p style=\"text-align: center;\">\n<p style=\"text-align: center;\"><a href=\"http:\/\/dudarcsalad.com\/blog\/Zoli\/wp-content\/uploads\/2010\/04\/Resize-of-IMG_0252rc_512x768.jpg\"><img loading=\"lazy\" decoding=\"async\" class=\"alignnone size-full wp-image-70\" title=\"Resize of IMG_0252rc_512x768\" src=\"http:\/\/dudarcsalad.com\/blog\/Zoli\/wp-content\/uploads\/2010\/04\/Resize-of-IMG_0252rc_512x768.jpg\" alt=\"\" width=\"512\" height=\"768\" srcset=\"http:\/\/dudarcsalad.com\/blog\/Zoli\/wp-content\/uploads\/2010\/04\/Resize-of-IMG_0252rc_512x768.jpg 512w, http:\/\/dudarcsalad.com\/blog\/Zoli\/wp-content\/uploads\/2010\/04\/Resize-of-IMG_0252rc_512x768-200x300.jpg 200w\" sizes=\"(max-width: 512px) 100vw, 512px\" \/><\/a><\/p>\n<p style=\"text-align: center;\">\n<p style=\"text-align: center;\"><a href=\"http:\/\/dudarcsalad.com\/blog\/Zoli\/wp-content\/uploads\/2010\/04\/Resize-of-IMG_0434bbff_512x768.jpg\"><img loading=\"lazy\" decoding=\"async\" class=\"alignnone size-full wp-image-71\" title=\"Resize of IMG_0434bbff_512x768\" src=\"http:\/\/dudarcsalad.com\/blog\/Zoli\/wp-content\/uploads\/2010\/04\/Resize-of-IMG_0434bbff_512x768.jpg\" alt=\"\" width=\"512\" height=\"768\" srcset=\"http:\/\/dudarcsalad.com\/blog\/Zoli\/wp-content\/uploads\/2010\/04\/Resize-of-IMG_0434bbff_512x768.jpg 512w, http:\/\/dudarcsalad.com\/blog\/Zoli\/wp-content\/uploads\/2010\/04\/Resize-of-IMG_0434bbff_512x768-200x300.jpg 200w\" sizes=\"(max-width: 512px) 100vw, 512px\" \/><\/a><\/p>\n<p style=\"text-align: center;\">\n<p style=\"text-align: center;\"><a href=\"http:\/\/dudarcsalad.com\/blog\/Zoli\/wp-content\/uploads\/2010\/04\/Resize-of-IMG_0442bmz_512x768.jpg\"><img loading=\"lazy\" decoding=\"async\" class=\"alignnone size-full wp-image-72\" title=\"Resize of IMG_0442bmz_512x768\" src=\"http:\/\/dudarcsalad.com\/blog\/Zoli\/wp-content\/uploads\/2010\/04\/Resize-of-IMG_0442bmz_512x768.jpg\" alt=\"\" width=\"512\" height=\"768\" srcset=\"http:\/\/dudarcsalad.com\/blog\/Zoli\/wp-content\/uploads\/2010\/04\/Resize-of-IMG_0442bmz_512x768.jpg 512w, http:\/\/dudarcsalad.com\/blog\/Zoli\/wp-content\/uploads\/2010\/04\/Resize-of-IMG_0442bmz_512x768-200x300.jpg 200w\" sizes=\"(max-width: 512px) 100vw, 512px\" \/><\/a><\/p>\n<p style=\"text-align: center;\">\n<p style=\"text-align: center;\"><a href=\"http:\/\/dudarcsalad.com\/blog\/Zoli\/wp-content\/uploads\/2010\/04\/Resize-of-IMG_0454rcbff_512x768.jpg\"><img loading=\"lazy\" decoding=\"async\" class=\"alignnone size-full wp-image-73\" title=\"Resize of IMG_0454rcbff_512x768\" src=\"http:\/\/dudarcsalad.com\/blog\/Zoli\/wp-content\/uploads\/2010\/04\/Resize-of-IMG_0454rcbff_512x768.jpg\" alt=\"\" width=\"512\" height=\"768\" srcset=\"http:\/\/dudarcsalad.com\/blog\/Zoli\/wp-content\/uploads\/2010\/04\/Resize-of-IMG_0454rcbff_512x768.jpg 512w, http:\/\/dudarcsalad.com\/blog\/Zoli\/wp-content\/uploads\/2010\/04\/Resize-of-IMG_0454rcbff_512x768-200x300.jpg 200w\" sizes=\"(max-width: 512px) 100vw, 512px\" \/><\/a><\/p>\n<p style=\"text-align: center;\">\n<p style=\"text-align: center;\"><a href=\"http:\/\/dudarcsalad.com\/blog\/Zoli\/wp-content\/uploads\/2010\/04\/Resize-of-IMG_0534rcBw2_512x768.jpg\"><img loading=\"lazy\" decoding=\"async\" class=\"alignnone size-full wp-image-74\" title=\"Resize of IMG_0534rcBw2_512x768\" src=\"http:\/\/dudarcsalad.com\/blog\/Zoli\/wp-content\/uploads\/2010\/04\/Resize-of-IMG_0534rcBw2_512x768.jpg\" alt=\"\" width=\"512\" height=\"768\" srcset=\"http:\/\/dudarcsalad.com\/blog\/Zoli\/wp-content\/uploads\/2010\/04\/Resize-of-IMG_0534rcBw2_512x768.jpg 512w, http:\/\/dudarcsalad.com\/blog\/Zoli\/wp-content\/uploads\/2010\/04\/Resize-of-IMG_0534rcBw2_512x768-200x300.jpg 200w\" sizes=\"(max-width: 512px) 100vw, 512px\" \/><\/a><\/p>\n<p style=\"text-align: center;\">\n<p style=\"text-align: center;\"><a href=\"http:\/\/dudarcsalad.com\/blog\/Zoli\/wp-content\/uploads\/2010\/04\/IMG_0533bff_1024x683.jpg\"><img loading=\"lazy\" decoding=\"async\" class=\"size-full wp-image-75 aligncenter\" title=\"IMG_0533bff_1024x683\" src=\"http:\/\/dudarcsalad.com\/blog\/Zoli\/wp-content\/uploads\/2010\/04\/IMG_0533bff_1024x683.jpg\" alt=\"\" width=\"614\" height=\"410\" srcset=\"http:\/\/dudarcsalad.com\/blog\/Zoli\/wp-content\/uploads\/2010\/04\/IMG_0533bff_1024x683.jpg 1024w, http:\/\/dudarcsalad.com\/blog\/Zoli\/wp-content\/uploads\/2010\/04\/IMG_0533bff_1024x683-300x200.jpg 300w\" sizes=\"(max-width: 614px) 100vw, 614px\" \/><\/a><\/p>\n<p style=\"text-align: center;\">\n<p style=\"text-align: center;\"><a href=\"http:\/\/dudarcsalad.com\/blog\/Zoli\/wp-content\/uploads\/2010\/04\/Resize-of-IMG_0308rc_1024x683.jpg\"><img loading=\"lazy\" decoding=\"async\" class=\"size-full wp-image-76 aligncenter\" title=\"Resize of IMG_0308rc_1024x683\" src=\"http:\/\/dudarcsalad.com\/blog\/Zoli\/wp-content\/uploads\/2010\/04\/Resize-of-IMG_0308rc_1024x683.jpg\" alt=\"\" width=\"614\" height=\"410\" srcset=\"http:\/\/dudarcsalad.com\/blog\/Zoli\/wp-content\/uploads\/2010\/04\/Resize-of-IMG_0308rc_1024x683.jpg 1024w, http:\/\/dudarcsalad.com\/blog\/Zoli\/wp-content\/uploads\/2010\/04\/Resize-of-IMG_0308rc_1024x683-300x200.jpg 300w\" sizes=\"(max-width: 614px) 100vw, 614px\" \/><\/a><\/p>\n<p style=\"text-align: center;\">\n<p style=\"text-align: center;\"><a href=\"http:\/\/dudarcsalad.com\/blog\/Zoli\/wp-content\/uploads\/2010\/04\/Resize-of-IMG_0462b_1024x683.jpg\"><img loading=\"lazy\" decoding=\"async\" class=\"size-full wp-image-77 aligncenter\" title=\"Resize of IMG_0462b_1024x683\" src=\"http:\/\/dudarcsalad.com\/blog\/Zoli\/wp-content\/uploads\/2010\/04\/Resize-of-IMG_0462b_1024x683.jpg\" alt=\"\" width=\"614\" height=\"410\" srcset=\"http:\/\/dudarcsalad.com\/blog\/Zoli\/wp-content\/uploads\/2010\/04\/Resize-of-IMG_0462b_1024x683.jpg 1024w, http:\/\/dudarcsalad.com\/blog\/Zoli\/wp-content\/uploads\/2010\/04\/Resize-of-IMG_0462b_1024x683-300x200.jpg 300w\" sizes=\"(max-width: 614px) 100vw, 614px\" \/><\/a><\/p>\n<p style=\"text-align: center;\">\n<p style=\"text-align: center;\"><a href=\"http:\/\/dudarcsalad.com\/blog\/Zoli\/wp-content\/uploads\/2010\/04\/Resize-of-IMG_0464BW_1024x683.jpg\"><img loading=\"lazy\" decoding=\"async\" class=\"size-full wp-image-78 aligncenter\" title=\"Resize of IMG_0464BW_1024x683\" src=\"http:\/\/dudarcsalad.com\/blog\/Zoli\/wp-content\/uploads\/2010\/04\/Resize-of-IMG_0464BW_1024x683.jpg\" alt=\"\" width=\"614\" height=\"410\" srcset=\"http:\/\/dudarcsalad.com\/blog\/Zoli\/wp-content\/uploads\/2010\/04\/Resize-of-IMG_0464BW_1024x683.jpg 1024w, http:\/\/dudarcsalad.com\/blog\/Zoli\/wp-content\/uploads\/2010\/04\/Resize-of-IMG_0464BW_1024x683-300x200.jpg 300w\" sizes=\"(max-width: 614px) 100vw, 614px\" \/><\/a><\/p>\n<p style=\"text-align: center;\">\n<p style=\"text-align: center;\"><a href=\"http:\/\/dudarcsalad.com\/blog\/Zoli\/wp-content\/uploads\/2010\/04\/Resize-of-IMG_0558rcbBW_1024x683.jpg\"><img loading=\"lazy\" decoding=\"async\" class=\"aligncenter size-full wp-image-79\" title=\"Resize of IMG_0558rcbBW_1024x683\" src=\"http:\/\/dudarcsalad.com\/blog\/Zoli\/wp-content\/uploads\/2010\/04\/Resize-of-IMG_0558rcbBW_1024x683.jpg\" alt=\"\" width=\"614\" height=\"410\" srcset=\"http:\/\/dudarcsalad.com\/blog\/Zoli\/wp-content\/uploads\/2010\/04\/Resize-of-IMG_0558rcbBW_1024x683.jpg 1024w, http:\/\/dudarcsalad.com\/blog\/Zoli\/wp-content\/uploads\/2010\/04\/Resize-of-IMG_0558rcbBW_1024x683-300x200.jpg 300w\" sizes=\"(max-width: 614px) 100vw, 614px\" \/><\/a><\/p>\n<p style=\"text-align: center;\">\n<p style=\"text-align: center;\"><a href=\"http:\/\/dudarcsalad.com\/blog\/Zoli\/wp-content\/uploads\/2010\/04\/Resize-of-IMG_9163b.jpg\"><img loading=\"lazy\" decoding=\"async\" class=\"aligncenter size-full wp-image-83\" title=\"Resize of IMG_9163b\" src=\"http:\/\/dudarcsalad.com\/blog\/Zoli\/wp-content\/uploads\/2010\/04\/Resize-of-IMG_9163b.jpg\" alt=\"\" width=\"622\" height=\"415\" srcset=\"http:\/\/dudarcsalad.com\/blog\/Zoli\/wp-content\/uploads\/2010\/04\/Resize-of-IMG_9163b.jpg 1037w, http:\/\/dudarcsalad.com\/blog\/Zoli\/wp-content\/uploads\/2010\/04\/Resize-of-IMG_9163b-300x199.jpg 300w, http:\/\/dudarcsalad.com\/blog\/Zoli\/wp-content\/uploads\/2010\/04\/Resize-of-IMG_9163b-1024x682.jpg 1024w\" sizes=\"(max-width: 622px) 100vw, 622px\" \/><\/a><\/p>\n<p style=\"text-align: center;\">\n<p style=\"text-align: center;\"><a href=\"http:\/\/dudarcsalad.com\/blog\/Zoli\/wp-content\/uploads\/2010\/04\/Resize-of-IMG_9240rc.jpg\"><img loading=\"lazy\" decoding=\"async\" class=\"aligncenter size-full wp-image-84\" title=\"Resize of IMG_9240rc\" src=\"http:\/\/dudarcsalad.com\/blog\/Zoli\/wp-content\/uploads\/2010\/04\/Resize-of-IMG_9240rc.jpg\" alt=\"\" width=\"432\" height=\"288\" srcset=\"http:\/\/dudarcsalad.com\/blog\/Zoli\/wp-content\/uploads\/2010\/04\/Resize-of-IMG_9240rc.jpg 720w, http:\/\/dudarcsalad.com\/blog\/Zoli\/wp-content\/uploads\/2010\/04\/Resize-of-IMG_9240rc-300x200.jpg 300w\" sizes=\"(max-width: 432px) 100vw, 432px\" \/><\/a><\/p>\n<p style=\"text-align: center;\"><a href=\"http:\/\/dudarcsalad.com\/blog\/Zoli\/wp-content\/uploads\/2010\/04\/Resize-of-IMG_9252rc.jpg\"><img loading=\"lazy\" decoding=\"async\" class=\"aligncenter size-full wp-image-85\" title=\"Resize of IMG_9252rc\" src=\"http:\/\/dudarcsalad.com\/blog\/Zoli\/wp-content\/uploads\/2010\/04\/Resize-of-IMG_9252rc.jpg\" alt=\"\" width=\"432\" height=\"288\" srcset=\"http:\/\/dudarcsalad.com\/blog\/Zoli\/wp-content\/uploads\/2010\/04\/Resize-of-IMG_9252rc.jpg 720w, http:\/\/dudarcsalad.com\/blog\/Zoli\/wp-content\/uploads\/2010\/04\/Resize-of-IMG_9252rc-300x200.jpg 300w\" sizes=\"(max-width: 432px) 100vw, 432px\" \/><\/a><\/p>\n<p style=\"text-align: center;\">\n<p style=\"text-align: center;\"><a href=\"http:\/\/dudarcsalad.com\/blog\/Zoli\/wp-content\/uploads\/2010\/04\/Resize-of-IMG_9244rc.jpg\"><img loading=\"lazy\" decoding=\"async\" class=\"aligncenter size-full wp-image-86\" title=\"Resize of IMG_9244rc\" src=\"http:\/\/dudarcsalad.com\/blog\/Zoli\/wp-content\/uploads\/2010\/04\/Resize-of-IMG_9244rc.jpg\" alt=\"\" width=\"504\" height=\"336\" srcset=\"http:\/\/dudarcsalad.com\/blog\/Zoli\/wp-content\/uploads\/2010\/04\/Resize-of-IMG_9244rc.jpg 720w, http:\/\/dudarcsalad.com\/blog\/Zoli\/wp-content\/uploads\/2010\/04\/Resize-of-IMG_9244rc-300x200.jpg 300w\" sizes=\"(max-width: 504px) 100vw, 504px\" \/><\/a><\/p>\n<p style=\"text-align: center;\">\n<p style=\"text-align: center;\"><a href=\"http:\/\/dudarcsalad.com\/blog\/Zoli\/wp-content\/uploads\/2010\/04\/Resize-of-IMG_9249rc.jpg\"><img loading=\"lazy\" decoding=\"async\" class=\"aligncenter size-full wp-image-87\" title=\"Resize of IMG_9249rc\" src=\"http:\/\/dudarcsalad.com\/blog\/Zoli\/wp-content\/uploads\/2010\/04\/Resize-of-IMG_9249rc.jpg\" alt=\"\" width=\"504\" height=\"336\" srcset=\"http:\/\/dudarcsalad.com\/blog\/Zoli\/wp-content\/uploads\/2010\/04\/Resize-of-IMG_9249rc.jpg 720w, http:\/\/dudarcsalad.com\/blog\/Zoli\/wp-content\/uploads\/2010\/04\/Resize-of-IMG_9249rc-300x200.jpg 300w\" sizes=\"(max-width: 504px) 100vw, 504px\" \/><\/a><\/p>\n<p style=\"text-align: center;\">\n<p style=\"text-align: center;\"><a href=\"http:\/\/dudarcsalad.com\/blog\/Zoli\/wp-content\/uploads\/2010\/04\/Resize-of-IMG_9254rc.jpg\"><img loading=\"lazy\" decoding=\"async\" class=\"aligncenter size-full wp-image-88\" title=\"Resize of IMG_9254rc\" src=\"http:\/\/dudarcsalad.com\/blog\/Zoli\/wp-content\/uploads\/2010\/04\/Resize-of-IMG_9254rc.jpg\" alt=\"\" width=\"576\" height=\"384\" srcset=\"http:\/\/dudarcsalad.com\/blog\/Zoli\/wp-content\/uploads\/2010\/04\/Resize-of-IMG_9254rc.jpg 720w, http:\/\/dudarcsalad.com\/blog\/Zoli\/wp-content\/uploads\/2010\/04\/Resize-of-IMG_9254rc-300x200.jpg 300w\" sizes=\"(max-width: 576px) 100vw, 576px\" \/><\/a><\/p>\n<p style=\"text-align: center;\">\n<p style=\"text-align: center;\"><a href=\"http:\/\/dudarcsalad.com\/blog\/Zoli\/wp-content\/uploads\/2010\/04\/Resize-of-IMG_9260.jpg\"><img loading=\"lazy\" decoding=\"async\" class=\"aligncenter size-full wp-image-89\" title=\"Resize of IMG_9260\" src=\"http:\/\/dudarcsalad.com\/blog\/Zoli\/wp-content\/uploads\/2010\/04\/Resize-of-IMG_9260.jpg\" alt=\"\" width=\"341\" height=\"512\" srcset=\"http:\/\/dudarcsalad.com\/blog\/Zoli\/wp-content\/uploads\/2010\/04\/Resize-of-IMG_9260.jpg 341w, http:\/\/dudarcsalad.com\/blog\/Zoli\/wp-content\/uploads\/2010\/04\/Resize-of-IMG_9260-199x300.jpg 199w\" sizes=\"(max-width: 341px) 100vw, 341px\" \/><\/a><\/p>\n","protected":false},"excerpt":{"rendered":"","protected":false},"author":2,"featured_media":0,"parent":0,"menu_order":0,"comment_status":"closed","ping_status":"closed","template":"","meta":{"footnotes":""},"_links":{"self":[{"href":"http:\/\/dudarcsalad.com\/blog\/Zoli\/index.php?rest_route=\/wp\/v2\/pages\/67"}],"collection":[{"href":"http:\/\/dudarcsalad.com\/blog\/Zoli\/index.php?rest_route=\/wp\/v2\/pages"}],"about":[{"href":"http:\/\/dudarcsalad.com\/blog\/Zoli\/index.php?rest_route=\/wp\/v2\/types\/page"}],"author":[{"embeddable":true,"href":"http:\/\/dudarcsalad.com\/blog\/Zoli\/index.php?rest_route=\/wp\/v2\/users\/2"}],"replies":[{"embeddable":true,"href":"http:\/\/dudarcsalad.com\/blog\/Zoli\/index.php?rest_route=%2Fwp%2Fv2%2Fcomments&post=67"}],"version-history":[{"count":4,"href":"http:\/\/dudarcsalad.com\/blog\/Zoli\/index.php?rest_route=\/wp\/v2\/pages\/67\/revisions"}],"predecessor-version":[{"id":81,"href":"http:\/\/dudarcsalad.com\/blog\/Zoli\/index.php?rest_route=\/wp\/v2\/pages\/67\/revisions\/81"}],"wp:attachment":[{"href":"http:\/\/dudarcsalad.com\/blog\/Zoli\/index.php?rest_route=%2Fwp%2Fv2%2Fmedia&parent=67"}],"curies":[{"name":"wp","href":"https:\/\/api.w.org\/{rel}","templated":true}]}}