{"id":91,"date":"2010-04-14T17:12:56","date_gmt":"2010-04-14T21:12:56","guid":{"rendered":"http:\/\/dudarcsalad.com\/blog\/Zoli\/?page_id=91"},"modified":"2010-04-14T17:16:14","modified_gmt":"2010-04-14T21:16:14","slug":"nyaralasos-kepek","status":"publish","type":"page","link":"http:\/\/dudarcsalad.com\/blog\/Zoli\/?page_id=91","title":{"rendered":"Nyaral\u00e1sos k\u00e9pek"},"content":{"rendered":"<div id=\"attachment_92\" style=\"width: 548px\" class=\"wp-caption aligncenter\"><a href=\"http:\/\/dudarcsalad.com\/blog\/Zoli\/wp-content\/uploads\/2010\/04\/Boca-Raton-beach.jpg\"><img loading=\"lazy\" decoding=\"async\" aria-describedby=\"caption-attachment-92\" class=\"size-full wp-image-92\" title=\"Boca Raton beach\" src=\"http:\/\/dudarcsalad.com\/blog\/Zoli\/wp-content\/uploads\/2010\/04\/Boca-Raton-beach.jpg\" alt=\"\" width=\"538\" height=\"403\" srcset=\"http:\/\/dudarcsalad.com\/blog\/Zoli\/wp-content\/uploads\/2010\/04\/Boca-Raton-beach.jpg 896w, http:\/\/dudarcsalad.com\/blog\/Zoli\/wp-content\/uploads\/2010\/04\/Boca-Raton-beach-300x224.jpg 300w\" sizes=\"(max-width: 538px) 100vw, 538px\" \/><\/a><p id=\"caption-attachment-92\" class=\"wp-caption-text\">Boca Raton beach<\/p><\/div>\n<p style=\"text-align: center;\">\n<p style=\"text-align: center;\">\n<div id=\"attachment_126\" style=\"width: 554px\" class=\"wp-caption aligncenter\"><a href=\"http:\/\/dudarcsalad.com\/blog\/Zoli\/wp-content\/uploads\/2010\/04\/Resize-of-IMG_2284.jpg\"><img loading=\"lazy\" decoding=\"async\" aria-describedby=\"caption-attachment-126\" class=\"size-full wp-image-126\" title=\"Resize of IMG_2284\" src=\"http:\/\/dudarcsalad.com\/blog\/Zoli\/wp-content\/uploads\/2010\/04\/Resize-of-IMG_2284.jpg\" alt=\"\" width=\"544\" height=\"408\" srcset=\"http:\/\/dudarcsalad.com\/blog\/Zoli\/wp-content\/uploads\/2010\/04\/Resize-of-IMG_2284.jpg 907w, http:\/\/dudarcsalad.com\/blog\/Zoli\/wp-content\/uploads\/2010\/04\/Resize-of-IMG_2284-300x224.jpg 300w\" sizes=\"(max-width: 544px) 100vw, 544px\" \/><\/a><p id=\"caption-attachment-126\" class=\"wp-caption-text\">Stone Mountain <\/p><\/div>\n<p style=\"text-align: center;\">\n<p style=\"text-align: center;\">\n<div id=\"attachment_129\" style=\"width: 554px\" class=\"wp-caption aligncenter\"><a href=\"http:\/\/dudarcsalad.com\/blog\/Zoli\/wp-content\/uploads\/2010\/04\/Clearwater-part1.jpg\"><img loading=\"lazy\" decoding=\"async\" aria-describedby=\"caption-attachment-129\" class=\"size-full wp-image-129\" title=\"Clearwater part\" src=\"http:\/\/dudarcsalad.com\/blog\/Zoli\/wp-content\/uploads\/2010\/04\/Clearwater-part1.jpg\" alt=\"\" width=\"544\" height=\"408\" srcset=\"http:\/\/dudarcsalad.com\/blog\/Zoli\/wp-content\/uploads\/2010\/04\/Clearwater-part1.jpg 907w, http:\/\/dudarcsalad.com\/blog\/Zoli\/wp-content\/uploads\/2010\/04\/Clearwater-part1-300x224.jpg 300w\" sizes=\"(max-width: 544px) 100vw, 544px\" \/><\/a><p id=\"caption-attachment-129\" class=\"wp-caption-text\">Clearwater part - \u00c9pp j\u00f6tt a hurrik\u00e1n<\/p><\/div>\n<p style=\"text-align: center;\">\n<p style=\"text-align: center;\">\n<p style=\"text-align: center;\">\n<div id=\"attachment_132\" style=\"width: 554px\" class=\"wp-caption aligncenter\"><a href=\"http:\/\/dudarcsalad.com\/blog\/Zoli\/wp-content\/uploads\/2010\/04\/Haj\u00f32.jpg\"><img loading=\"lazy\" decoding=\"async\" aria-describedby=\"caption-attachment-132\" class=\"size-full wp-image-132  \" title=\"Haj\u00f3\" src=\"http:\/\/dudarcsalad.com\/blog\/Zoli\/wp-content\/uploads\/2010\/04\/Haj\u00f32.jpg\" alt=\"\" width=\"544\" height=\"408\" srcset=\"http:\/\/dudarcsalad.com\/blog\/Zoli\/wp-content\/uploads\/2010\/04\/Haj\u00f32.jpg 907w, http:\/\/dudarcsalad.com\/blog\/Zoli\/wp-content\/uploads\/2010\/04\/Haj\u00f32-300x224.jpg 300w\" sizes=\"(max-width: 544px) 100vw, 544px\" \/><\/a><p id=\"caption-attachment-132\" class=\"wp-caption-text\">Gyere a tatra dr\u00e1g\u00e1m, indulunk halat lesni! (Key West, Florida)<\/p><\/div>\n<p style=\"text-align: center;\">\n<div id=\"attachment_133\" style=\"width: 486px\" class=\"wp-caption aligncenter\"><a href=\"http:\/\/dudarcsalad.com\/blog\/Zoli\/wp-content\/uploads\/2010\/04\/G\u00f6r\u00f6g-sali.jpg\"><img loading=\"lazy\" decoding=\"async\" aria-describedby=\"caption-attachment-133\" class=\"size-full wp-image-133\" title=\"G\u00f6r\u00f6g sali\" src=\"http:\/\/dudarcsalad.com\/blog\/Zoli\/wp-content\/uploads\/2010\/04\/G\u00f6r\u00f6g-sali.jpg\" alt=\"\" width=\"476\" height=\"635\" srcset=\"http:\/\/dudarcsalad.com\/blog\/Zoli\/wp-content\/uploads\/2010\/04\/G\u00f6r\u00f6g-sali.jpg 680w, http:\/\/dudarcsalad.com\/blog\/Zoli\/wp-content\/uploads\/2010\/04\/G\u00f6r\u00f6g-sali-224x300.jpg 224w\" sizes=\"(max-width: 476px) 100vw, 476px\" \/><\/a><p id=\"caption-attachment-133\" class=\"wp-caption-text\">G\u00f6r\u00f6g sali<\/p><\/div>\n<p style=\"text-align: center;\">\n<p style=\"text-align: center;\">\n<div id=\"attachment_134\" style=\"width: 548px\" class=\"wp-caption aligncenter\"><a href=\"http:\/\/dudarcsalad.com\/blog\/Zoli\/wp-content\/uploads\/2010\/04\/Boca-Raton-tengerpart1.jpg\"><img loading=\"lazy\" decoding=\"async\" aria-describedby=\"caption-attachment-134\" class=\"size-full wp-image-134\" title=\"Boca Raton tengerpart\" src=\"http:\/\/dudarcsalad.com\/blog\/Zoli\/wp-content\/uploads\/2010\/04\/Boca-Raton-tengerpart1.jpg\" alt=\"\" width=\"538\" height=\"403\" srcset=\"http:\/\/dudarcsalad.com\/blog\/Zoli\/wp-content\/uploads\/2010\/04\/Boca-Raton-tengerpart1.jpg 896w, http:\/\/dudarcsalad.com\/blog\/Zoli\/wp-content\/uploads\/2010\/04\/Boca-Raton-tengerpart1-300x224.jpg 300w\" sizes=\"(max-width: 538px) 100vw, 538px\" \/><\/a><p id=\"caption-attachment-134\" class=\"wp-caption-text\">Boca Raton tengerpart<\/p><\/div>\n<div id=\"attachment_135\" style=\"width: 554px\" class=\"wp-caption aligncenter\"><a href=\"http:\/\/dudarcsalad.com\/blog\/Zoli\/wp-content\/uploads\/2010\/04\/IMG_17871.jpg\"><img loading=\"lazy\" decoding=\"async\" aria-describedby=\"caption-attachment-135\" class=\"size-full wp-image-135\" title=\"IMG_1787\" src=\"http:\/\/dudarcsalad.com\/blog\/Zoli\/wp-content\/uploads\/2010\/04\/IMG_17871.jpg\" alt=\"\" width=\"544\" height=\"408\" srcset=\"http:\/\/dudarcsalad.com\/blog\/Zoli\/wp-content\/uploads\/2010\/04\/IMG_17871.jpg 907w, http:\/\/dudarcsalad.com\/blog\/Zoli\/wp-content\/uploads\/2010\/04\/IMG_17871-300x224.jpg 300w\" sizes=\"(max-width: 544px) 100vw, 544px\" \/><\/a><p id=\"caption-attachment-135\" class=\"wp-caption-text\">Orlando - Universal Studio<\/p><\/div>\n<p style=\"text-align: center;\">\n<p style=\"text-align: center;\">\n<div id=\"attachment_136\" style=\"width: 554px\" class=\"wp-caption aligncenter\"><a href=\"http:\/\/dudarcsalad.com\/blog\/Zoli\/wp-content\/uploads\/2010\/04\/IMG_1873.jpg\"><img loading=\"lazy\" decoding=\"async\" aria-describedby=\"caption-attachment-136\" class=\"size-full wp-image-136\" title=\"IMG_1873\" src=\"http:\/\/dudarcsalad.com\/blog\/Zoli\/wp-content\/uploads\/2010\/04\/IMG_1873.jpg\" alt=\"\" width=\"544\" height=\"408\" srcset=\"http:\/\/dudarcsalad.com\/blog\/Zoli\/wp-content\/uploads\/2010\/04\/IMG_1873.jpg 907w, http:\/\/dudarcsalad.com\/blog\/Zoli\/wp-content\/uploads\/2010\/04\/IMG_1873-300x224.jpg 300w\" sizes=\"(max-width: 544px) 100vw, 544px\" \/><\/a><p id=\"caption-attachment-136\" class=\"wp-caption-text\">Az ott Samu - Sea World - Orlando<\/p><\/div>\n<p style=\"text-align: center;\">\n<div id=\"attachment_137\" style=\"width: 622px\" class=\"wp-caption aligncenter\"><a href=\"http:\/\/dudarcsalad.com\/blog\/Zoli\/wp-content\/uploads\/2010\/04\/IMG_20861.jpg\"><img loading=\"lazy\" decoding=\"async\" aria-describedby=\"caption-attachment-137\" class=\"size-full wp-image-137\" title=\"IMG_2086\" src=\"http:\/\/dudarcsalad.com\/blog\/Zoli\/wp-content\/uploads\/2010\/04\/IMG_20861.jpg\" alt=\"\" width=\"612\" height=\"816\" srcset=\"http:\/\/dudarcsalad.com\/blog\/Zoli\/wp-content\/uploads\/2010\/04\/IMG_20861.jpg 680w, http:\/\/dudarcsalad.com\/blog\/Zoli\/wp-content\/uploads\/2010\/04\/IMG_20861-224x300.jpg 224w\" sizes=\"(max-width: 612px) 100vw, 612px\" \/><\/a><p id=\"caption-attachment-137\" class=\"wp-caption-text\">A git\u00e1r jobban megy...<\/p><\/div>\n<div id=\"attachment_138\" style=\"width: 512px\" class=\"wp-caption aligncenter\"><a href=\"http:\/\/dudarcsalad.com\/blog\/Zoli\/wp-content\/uploads\/2010\/04\/IMG_65501.jpg\"><img loading=\"lazy\" decoding=\"async\" aria-describedby=\"caption-attachment-138\" class=\"size-full wp-image-138\" title=\"IMG_6550\" src=\"http:\/\/dudarcsalad.com\/blog\/Zoli\/wp-content\/uploads\/2010\/04\/IMG_65501.jpg\" alt=\"\" width=\"502\" height=\"377\" srcset=\"http:\/\/dudarcsalad.com\/blog\/Zoli\/wp-content\/uploads\/2010\/04\/IMG_65501.jpg 717w, http:\/\/dudarcsalad.com\/blog\/Zoli\/wp-content\/uploads\/2010\/04\/IMG_65501-300x225.jpg 300w\" sizes=\"(max-width: 502px) 100vw, 502px\" \/><\/a><p id=\"caption-attachment-138\" class=\"wp-caption-text\">Itt j\u00e1rtunk. (a t\u00e9rk\u00e9p \u00e9pp fejjel lefel\u00e9 van...)<\/p><\/div>\n<p style=\"text-align: center;\">\n<div id=\"attachment_139\" style=\"width: 554px\" class=\"wp-caption aligncenter\"><a href=\"http:\/\/dudarcsalad.com\/blog\/Zoli\/wp-content\/uploads\/2010\/04\/Mi.jpg\"><img loading=\"lazy\" decoding=\"async\" aria-describedby=\"caption-attachment-139\" class=\"size-full wp-image-139\" title=\"Mi\" src=\"http:\/\/dudarcsalad.com\/blog\/Zoli\/wp-content\/uploads\/2010\/04\/Mi.jpg\" alt=\"\" width=\"544\" height=\"408\" srcset=\"http:\/\/dudarcsalad.com\/blog\/Zoli\/wp-content\/uploads\/2010\/04\/Mi.jpg 907w, http:\/\/dudarcsalad.com\/blog\/Zoli\/wp-content\/uploads\/2010\/04\/Mi-300x224.jpg 300w\" sizes=\"(max-width: 544px) 100vw, 544px\" \/><\/a><p id=\"caption-attachment-139\" class=\"wp-caption-text\">Mi  - Salvador Dali m\u00fazeum <\/p><\/div>\n<div id=\"attachment_140\" style=\"width: 548px\" class=\"wp-caption aligncenter\"><a href=\"http:\/\/dudarcsalad.com\/blog\/Zoli\/wp-content\/uploads\/2010\/04\/P82402551.jpg\"><img loading=\"lazy\" decoding=\"async\" aria-describedby=\"caption-attachment-140\" class=\"size-full wp-image-140\" title=\"P8240255\" src=\"http:\/\/dudarcsalad.com\/blog\/Zoli\/wp-content\/uploads\/2010\/04\/P82402551.jpg\" alt=\"\" width=\"538\" height=\"403\" srcset=\"http:\/\/dudarcsalad.com\/blog\/Zoli\/wp-content\/uploads\/2010\/04\/P82402551.jpg 896w, http:\/\/dudarcsalad.com\/blog\/Zoli\/wp-content\/uploads\/2010\/04\/P82402551-300x224.jpg 300w\" sizes=\"(max-width: 538px) 100vw, 538px\" \/><\/a><p id=\"caption-attachment-140\" class=\"wp-caption-text\">Itt m\u00e9g nem volt c\u00e1pa a l\u00e1that\u00e1ron...<\/p><\/div>\n<p style=\"text-align: center;\">\n<div id=\"attachment_141\" style=\"width: 548px\" class=\"wp-caption aligncenter\"><a href=\"http:\/\/dudarcsalad.com\/blog\/Zoli\/wp-content\/uploads\/2010\/04\/P82402571.jpg\"><img loading=\"lazy\" decoding=\"async\" aria-describedby=\"caption-attachment-141\" class=\"size-full wp-image-141\" title=\"P8240257\" src=\"http:\/\/dudarcsalad.com\/blog\/Zoli\/wp-content\/uploads\/2010\/04\/P82402571.jpg\" alt=\"\" width=\"538\" height=\"403\" srcset=\"http:\/\/dudarcsalad.com\/blog\/Zoli\/wp-content\/uploads\/2010\/04\/P82402571.jpg 896w, http:\/\/dudarcsalad.com\/blog\/Zoli\/wp-content\/uploads\/2010\/04\/P82402571-300x224.jpg 300w\" sizes=\"(max-width: 538px) 100vw, 538px\" \/><\/a><p id=\"caption-attachment-141\" class=\"wp-caption-text\">Dr\u00e1g\u00e1m, a l\u00e9legeztetog\u00e9pet!!!<\/p><\/div>\n<p style=\"text-align: center;\">\n<div id=\"attachment_142\" style=\"width: 548px\" class=\"wp-caption aligncenter\"><a href=\"http:\/\/dudarcsalad.com\/blog\/Zoli\/wp-content\/uploads\/2010\/04\/Professzor-Dudar1.jpg\"><img loading=\"lazy\" decoding=\"async\" aria-describedby=\"caption-attachment-142\" class=\"size-full wp-image-142\" src=\"http:\/\/dudarcsalad.com\/blog\/Zoli\/wp-content\/uploads\/2010\/04\/Professzor-Dudar1.jpg\" alt=\"\" width=\"538\" height=\"403\" srcset=\"http:\/\/dudarcsalad.com\/blog\/Zoli\/wp-content\/uploads\/2010\/04\/Professzor-Dudar1.jpg 896w, http:\/\/dudarcsalad.com\/blog\/Zoli\/wp-content\/uploads\/2010\/04\/Professzor-Dudar1-300x224.jpg 300w\" sizes=\"(max-width: 538px) 100vw, 538px\" \/><\/a><p id=\"caption-attachment-142\" class=\"wp-caption-text\">Professzor Dudar<\/p><\/div>\n<p style=\"text-align: center;\">\n<div id=\"attachment_143\" style=\"width: 624px\" class=\"wp-caption aligncenter\"><a href=\"http:\/\/dudarcsalad.com\/blog\/Zoli\/wp-content\/uploads\/2010\/04\/PA010041.jpg\"><img loading=\"lazy\" decoding=\"async\" aria-describedby=\"caption-attachment-143\" class=\"size-large wp-image-143\" title=\"PA010041\" src=\"http:\/\/dudarcsalad.com\/blog\/Zoli\/wp-content\/uploads\/2010\/04\/PA010041-1024x768.jpg\" alt=\"\" width=\"614\" height=\"461\" srcset=\"http:\/\/dudarcsalad.com\/blog\/Zoli\/wp-content\/uploads\/2010\/04\/PA010041-1024x768.jpg 1024w, http:\/\/dudarcsalad.com\/blog\/Zoli\/wp-content\/uploads\/2010\/04\/PA010041-300x225.jpg 300w, http:\/\/dudarcsalad.com\/blog\/Zoli\/wp-content\/uploads\/2010\/04\/PA010041.jpg 1600w\" sizes=\"(max-width: 614px) 100vw, 614px\" \/><\/a><p id=\"caption-attachment-143\" class=\"wp-caption-text\">Tavaly okt\u00f3ber<\/p><\/div>\n<p style=\"text-align: center;\">\n<div id=\"attachment_144\" style=\"width: 624px\" class=\"wp-caption aligncenter\"><a href=\"http:\/\/dudarcsalad.com\/blog\/Zoli\/wp-content\/uploads\/2010\/04\/PA020122.jpg\"><img loading=\"lazy\" decoding=\"async\" aria-describedby=\"caption-attachment-144\" class=\"size-large wp-image-144\" title=\"PA020122\" src=\"http:\/\/dudarcsalad.com\/blog\/Zoli\/wp-content\/uploads\/2010\/04\/PA020122-1024x768.jpg\" alt=\"\" width=\"614\" height=\"461\" srcset=\"http:\/\/dudarcsalad.com\/blog\/Zoli\/wp-content\/uploads\/2010\/04\/PA020122-1024x768.jpg 1024w, http:\/\/dudarcsalad.com\/blog\/Zoli\/wp-content\/uploads\/2010\/04\/PA020122-300x225.jpg 300w, http:\/\/dudarcsalad.com\/blog\/Zoli\/wp-content\/uploads\/2010\/04\/PA020122.jpg 1600w\" sizes=\"(max-width: 614px) 100vw, 614px\" \/><\/a><p id=\"caption-attachment-144\" class=\"wp-caption-text\">Treasure Island <\/p><\/div>\n<p style=\"text-align: center;\">\n<div id=\"attachment_145\" style=\"width: 624px\" class=\"wp-caption aligncenter\"><a href=\"http:\/\/dudarcsalad.com\/blog\/Zoli\/wp-content\/uploads\/2010\/04\/PA020124.jpg\"><img loading=\"lazy\" decoding=\"async\" aria-describedby=\"caption-attachment-145\" class=\"size-large wp-image-145\" title=\"PA020124\" src=\"http:\/\/dudarcsalad.com\/blog\/Zoli\/wp-content\/uploads\/2010\/04\/PA020124-1024x768.jpg\" alt=\"\" width=\"614\" height=\"461\" srcset=\"http:\/\/dudarcsalad.com\/blog\/Zoli\/wp-content\/uploads\/2010\/04\/PA020124-1024x768.jpg 1024w, http:\/\/dudarcsalad.com\/blog\/Zoli\/wp-content\/uploads\/2010\/04\/PA020124-300x225.jpg 300w, http:\/\/dudarcsalad.com\/blog\/Zoli\/wp-content\/uploads\/2010\/04\/PA020124.jpg 1600w\" sizes=\"(max-width: 614px) 100vw, 614px\" \/><\/a><p id=\"caption-attachment-145\" class=\"wp-caption-text\">Ez is Treasure Island<\/p><\/div>\n<p style=\"text-align: center;\">\n<div id=\"attachment_146\" style=\"width: 471px\" class=\"wp-caption aligncenter\"><a href=\"http:\/\/dudarcsalad.com\/blog\/Zoli\/wp-content\/uploads\/2010\/04\/PA020211.jpg\"><img loading=\"lazy\" decoding=\"async\" aria-describedby=\"caption-attachment-146\" class=\"size-large wp-image-146\" title=\"PA020211\" src=\"http:\/\/dudarcsalad.com\/blog\/Zoli\/wp-content\/uploads\/2010\/04\/PA020211-768x1024.jpg\" alt=\"\" width=\"461\" height=\"614\" srcset=\"http:\/\/dudarcsalad.com\/blog\/Zoli\/wp-content\/uploads\/2010\/04\/PA020211-768x1024.jpg 768w, http:\/\/dudarcsalad.com\/blog\/Zoli\/wp-content\/uploads\/2010\/04\/PA020211-225x300.jpg 225w, http:\/\/dudarcsalad.com\/blog\/Zoli\/wp-content\/uploads\/2010\/04\/PA020211.jpg 1200w\" sizes=\"(max-width: 461px) 100vw, 461px\" \/><\/a><p id=\"caption-attachment-146\" class=\"wp-caption-text\">F\u00e9nyk\u00e9pez\u00fcnk<\/p><\/div>\n<div id=\"attachment_147\" style=\"width: 624px\" class=\"wp-caption aligncenter\"><a href=\"http:\/\/dudarcsalad.com\/blog\/Zoli\/wp-content\/uploads\/2010\/04\/IMG_6604.jpg\"><img loading=\"lazy\" decoding=\"async\" aria-describedby=\"caption-attachment-147\" class=\"size-large wp-image-147\" title=\"IMG_6604\" src=\"http:\/\/dudarcsalad.com\/blog\/Zoli\/wp-content\/uploads\/2010\/04\/IMG_6604-1024x682.jpg\" alt=\"\" width=\"614\" height=\"409\" srcset=\"http:\/\/dudarcsalad.com\/blog\/Zoli\/wp-content\/uploads\/2010\/04\/IMG_6604-1024x682.jpg 1024w, http:\/\/dudarcsalad.com\/blog\/Zoli\/wp-content\/uploads\/2010\/04\/IMG_6604-300x200.jpg 300w, http:\/\/dudarcsalad.com\/blog\/Zoli\/wp-content\/uploads\/2010\/04\/IMG_6604.jpg 1600w\" sizes=\"(max-width: 614px) 100vw, 614px\" \/><\/a><p id=\"caption-attachment-147\" class=\"wp-caption-text\">Zoli \u00e9s a f\u00e9nyk\u00e9pez\u0151\u00e1llv\u00e1ny<\/p><\/div>\n<p style=\"text-align: center;\">\n<div id=\"attachment_149\" style=\"width: 624px\" class=\"wp-caption aligncenter\"><a href=\"http:\/\/dudarcsalad.com\/blog\/Zoli\/wp-content\/uploads\/2010\/04\/IMG_66691.jpg\"><img loading=\"lazy\" decoding=\"async\" aria-describedby=\"caption-attachment-149\" class=\"size-large wp-image-149 \" title=\"IMG_6669\" src=\"http:\/\/dudarcsalad.com\/blog\/Zoli\/wp-content\/uploads\/2010\/04\/IMG_66691-1024x682.jpg\" alt=\"\" width=\"614\" height=\"409\" srcset=\"http:\/\/dudarcsalad.com\/blog\/Zoli\/wp-content\/uploads\/2010\/04\/IMG_66691-1024x682.jpg 1024w, http:\/\/dudarcsalad.com\/blog\/Zoli\/wp-content\/uploads\/2010\/04\/IMG_66691-300x200.jpg 300w, http:\/\/dudarcsalad.com\/blog\/Zoli\/wp-content\/uploads\/2010\/04\/IMG_66691.jpg 1600w\" sizes=\"(max-width: 614px) 100vw, 614px\" \/><\/a><p id=\"caption-attachment-149\" class=\"wp-caption-text\">Naplemente<\/p><\/div>\n<p style=\"text-align: center;\">\n<p style=\"text-align: center;\">\n<p style=\"text-align: center;\">\n","protected":false},"excerpt":{"rendered":"","protected":false},"author":2,"featured_media":0,"parent":0,"menu_order":0,"comment_status":"closed","ping_status":"closed","template":"","meta":{"footnotes":""},"_links":{"self":[{"href":"http:\/\/dudarcsalad.com\/blog\/Zoli\/index.php?rest_route=\/wp\/v2\/pages\/91"}],"collection":[{"href":"http:\/\/dudarcsalad.com\/blog\/Zoli\/index.php?rest_route=\/wp\/v2\/pages"}],"about":[{"href":"http:\/\/dudarcsalad.com\/blog\/Zoli\/index.php?rest_route=\/wp\/v2\/types\/page"}],"author":[{"embeddable":true,"href":"http:\/\/dudarcsalad.com\/blog\/Zoli\/index.php?rest_route=\/wp\/v2\/users\/2"}],"replies":[{"embeddable":true,"href":"http:\/\/dudarcsalad.com\/blog\/Zoli\/index.php?rest_route=%2Fwp%2Fv2%2Fcomments&post=91"}],"version-history":[{"count":4,"href":"http:\/\/dudarcsalad.com\/blog\/Zoli\/index.php?rest_route=\/wp\/v2\/pages\/91\/revisions"}],"predecessor-version":[{"id":153,"href":"http:\/\/dudarcsalad.com\/blog\/Zoli\/index.php?rest_route=\/wp\/v2\/pages\/91\/revisions\/153"}],"wp:attachment":[{"href":"http:\/\/dudarcsalad.com\/blog\/Zoli\/index.php?rest_route=%2Fwp%2Fv2%2Fmedia&parent=91"}],"curies":[{"name":"wp","href":"https:\/\/api.w.org\/{rel}","templated":true}]}}